{"id":9,"date":"2019-09-07T07:29:04","date_gmt":"2019-09-07T07:29:04","guid":{"rendered":"https:\/\/frozendaddy.com\/?page_id=9"},"modified":"2019-09-07T07:29:04","modified_gmt":"2019-09-07T07:29:04","slug":"ueber-mich","status":"publish","type":"page","link":"https:\/\/frozendaddy.com\/?page_id=9","title":{"rendered":"\u00dcber mich"},"content":{"rendered":"<p>M\u00f6glicherweise bist du k\u00fcnstlerisch t\u00e4tig und m\u00f6chtest dich und deine Arbeiten hier vorstellen. Oder hast du vielleicht ein Business mit einer Mission, die es zu beschreiben gilt?<\/p>\n","protected":false},"excerpt":{"rendered":"<p>M\u00f6glicherweise bist du k\u00fcnstlerisch t\u00e4tig und m\u00f6chtest dich und deine Arbeiten hier vorstellen. Oder hast du vielleicht ein Business mit einer Mission, die es zu beschreiben gilt?<\/p>\n","protected":false},"author":1,"featured_media":6,"parent":0,"menu_order":0,"comment_status":"closed","ping_status":"closed","template":"","meta":{"footnotes":""},"class_list":["post-9","page","type-page","status-publish","has-post-thumbnail","hentry","entry"],"_links":{"self":[{"href":"https:\/\/frozendaddy.com\/index.php?rest_route=\/wp\/v2\/pages\/9","targetHints":{"allow":["GET"]}}],"collection":[{"href":"https:\/\/frozendaddy.com\/index.php?rest_route=\/wp\/v2\/pages"}],"about":[{"href":"https:\/\/frozendaddy.com\/index.php?rest_route=\/wp\/v2\/types\/page"}],"author":[{"embeddable":true,"href":"https:\/\/frozendaddy.com\/index.php?rest_route=\/wp\/v2\/users\/1"}],"replies":[{"embeddable":true,"href":"https:\/\/frozendaddy.com\/index.php?rest_route=%2Fwp%2Fv2%2Fcomments&post=9"}],"version-history":[{"count":1,"href":"https:\/\/frozendaddy.com\/index.php?rest_route=\/wp\/v2\/pages\/9\/revisions"}],"predecessor-version":[{"id":19,"href":"https:\/\/frozendaddy.com\/index.php?rest_route=\/wp\/v2\/pages\/9\/revisions\/19"}],"wp:featuredmedia":[{"embeddable":true,"href":"https:\/\/frozendaddy.com\/index.php?rest_route=\/wp\/v2\/media\/6"}],"wp:attachment":[{"href":"https:\/\/frozendaddy.com\/index.php?rest_route=%2Fwp%2Fv2%2Fmedia&parent=9"}],"curies":[{"name":"wp","href":"https:\/\/api.w.org\/{rel}","templated":true}]}}